{"id":113,"date":"2020-08-28T14:14:19","date_gmt":"2020-08-28T12:14:19","guid":{"rendered":"http:\/\/www.st-marien-schoenwald.de\/kigakb_wp\/?page_id=113"},"modified":"2025-07-30T13:02:11","modified_gmt":"2025-07-30T11:02:11","slug":"elterninfo","status":"publish","type":"page","link":"https:\/\/www.st-marien-schoenwald.de\/kigakb_wp\/elterninfo\/","title":{"rendered":"Dokumente und Elterninformationen"},"content":{"rendered":"<style type=\"text\/css\"> \n#cmsmasters_row_6a07939ce0d256_96147064 .cmsmasters_row_outer_parent { \n\tpadding-top: 0px; \n} \n\n#cmsmasters_row_6a07939ce0d256_96147064 .cmsmasters_row_inner.cmsmasters_row_fullwidth { \n\tpadding-left:0%; \n} \n#cmsmasters_row_6a07939ce0d256_96147064 .cmsmasters_row_inner.cmsmasters_row_fullwidth { \n\tpadding-right:0%; \n} \n \n#cmsmasters_row_6a07939cea2a34_82788414 { \n\tbackground-color:rgba(247,84,247,0.96);\n} \n\n#cmsmasters_row_6a07939cea2a34_82788414 .cmsmasters_row_outer_parent { \n\tpadding-top: 30px; \n} \n\n#cmsmasters_row_6a07939cea2a34_82788414 .cmsmasters_row_outer_parent { \n\tpadding-bottom: 30px; \n} \n\n#cmsmasters_row_6a07939cea2a34_82788414 .cmsmasters_row_overlay { \n\tbackground-color:rgba(247,84,247,0.96);\n} \n\n\r\n\t\t\t#cmsmasters_row_6a07939cea2a34_82788414.cmsmasters_row_top_zigzag:before, \r\n\t\t\t#cmsmasters_row_6a07939cea2a34_82788414.cmsmasters_row_bot_zigzag:after {\r\n\t\t\t\tbackground-image: -webkit-linear-gradient(135deg, rgba(247,84,247,0.96) 25%, transparent 25%), \r\n\t\t\t\t\t\t-webkit-linear-gradient(45deg, rgba(247,84,247,0.96) 25%, transparent 25%);\r\n\t\t\t\tbackground-image: -moz-linear-gradient(135deg, rgba(247,84,247,0.96) 25%, transparent 25%), \r\n\t\t\t\t\t\t-moz-linear-gradient(45deg, rgba(247,84,247,0.96) 25%, transparent 25%);\r\n\t\t\t\tbackground-image: -ms-linear-gradient(135deg, rgba(247,84,247,0.96) 25%, transparent 25%), \r\n\t\t\t\t\t\t-ms-linear-gradient(45deg, rgba(247,84,247,0.96) 25%, transparent 25%);\r\n\t\t\t\tbackground-image: -o-linear-gradient(135deg, rgba(247,84,247,0.96) 25%, transparent 25%), \r\n\t\t\t\t\t\t-o-linear-gradient(45deg, rgba(247,84,247,0.96) 25%, transparent 25%);\r\n\t\t\t\tbackground-image: linear-gradient(315deg, rgba(247,84,247,0.96) 25%, transparent 25%), \r\n\t\t\t\t\t\tlinear-gradient(45deg, rgba(247,84,247,0.96) 25%, transparent 25%);\r\n\t\t\t} \n#cmsmasters_heading_6a07939cea96c { \n\ttext-align:center; \n\tmargin-top:0px; \n\tmargin-bottom:20px; \n} \n\n#cmsmasters_heading_6a07939cea96c .cmsmasters_heading { \n\ttext-align:center; \n} \n\n#cmsmasters_heading_6a07939cea96c .cmsmasters_heading, #cmsmasters_heading_6a07939cea96c .cmsmasters_heading a { \n\tfont-weight:normal; \n\tfont-style:normal; \n} \n\n#cmsmasters_heading_6a07939cea96c .cmsmasters_heading_divider { \n} \n\n \n#cmsmasters_row_6a07939cea9d11_62999179 { \n\tbackground-color:rgba(250,255,255,0.4);\n\tbackground-image: url(https:\/\/www.st-marien-schoenwald.de\/kigakb_wp\/wp-content\/uploads\/2020\/09\/geometry.png); \n\tbackground-position: top center; \n\tbackground-repeat: repeat; \n\tbackground-attachment: fixed; \n\tbackground-size: auto; \n} \n\n#cmsmasters_row_6a07939cea9d11_62999179 .cmsmasters_row_outer_parent { \n\tpadding-top: 0px; \n} \n\n#cmsmasters_row_6a07939cea9d11_62999179 .cmsmasters_row_outer_parent { \n\tpadding-bottom: 50px; \n} \n\n#cmsmasters_row_6a07939cea9d11_62999179 .cmsmasters_row_overlay { \n\tbackground-color:rgba(250,255,255,0.4);\n} \n\n \n#cmsmasters_divider_6a07939cec8760_02497428 { \n\tborder-bottom-width:0px; \n\tborder-bottom-style:solid; \n\tpadding-top:20px; \n\tmargin-bottom:20px; \n} \n \n#cmsmasters_row_6a07939cec94d0_69043406 { \n\tbackground-color:rgba(250,255,0,0.96);\n} \n\n#cmsmasters_row_6a07939cec94d0_69043406 .cmsmasters_row_outer_parent { \n\tpadding-top: 30px; \n} \n\n#cmsmasters_row_6a07939cec94d0_69043406 .cmsmasters_row_outer_parent { \n\tpadding-bottom: 30px; \n} \n\n#cmsmasters_row_6a07939cec94d0_69043406 .cmsmasters_row_overlay { \n\tbackground-color:rgba(250,255,0,0.96);\n} \n\n\r\n\t\t\t#cmsmasters_row_6a07939cec94d0_69043406.cmsmasters_row_top_zigzag:before, \r\n\t\t\t#cmsmasters_row_6a07939cec94d0_69043406.cmsmasters_row_bot_zigzag:after {\r\n\t\t\t\tbackground-image: -webkit-linear-gradient(135deg, rgba(250,255,0,0.96) 25%, transparent 25%), \r\n\t\t\t\t\t\t-webkit-linear-gradient(45deg, rgba(250,255,0,0.96) 25%, transparent 25%);\r\n\t\t\t\tbackground-image: -moz-linear-gradient(135deg, rgba(250,255,0,0.96) 25%, transparent 25%), \r\n\t\t\t\t\t\t-moz-linear-gradient(45deg, rgba(250,255,0,0.96) 25%, transparent 25%);\r\n\t\t\t\tbackground-image: -ms-linear-gradient(135deg, rgba(250,255,0,0.96) 25%, transparent 25%), \r\n\t\t\t\t\t\t-ms-linear-gradient(45deg, rgba(250,255,0,0.96) 25%, transparent 25%);\r\n\t\t\t\tbackground-image: -o-linear-gradient(135deg, rgba(250,255,0,0.96) 25%, transparent 25%), \r\n\t\t\t\t\t\t-o-linear-gradient(45deg, rgba(250,255,0,0.96) 25%, transparent 25%);\r\n\t\t\t\tbackground-image: linear-gradient(315deg, rgba(250,255,0,0.96) 25%, transparent 25%), \r\n\t\t\t\t\t\tlinear-gradient(45deg, rgba(250,255,0,0.96) 25%, transparent 25%);\r\n\t\t\t} \n#cmsmasters_heading_6a07939cecc42 { \n\ttext-align:center; \n\tmargin-top:0px; \n\tmargin-bottom:0px; \n} \n\n#cmsmasters_heading_6a07939cecc42 .cmsmasters_heading { \n\ttext-align:center; \n} \n\n#cmsmasters_heading_6a07939cecc42 .cmsmasters_heading, #cmsmasters_heading_6a07939cecc42 .cmsmasters_heading a { \n\tfont-weight:normal; \n\tfont-style:normal; \n} \n\n#cmsmasters_heading_6a07939cecc42 .cmsmasters_heading_divider { \n} \n\n \n#cmsmasters_row_6a07939cecc931_46006725 { \n\tbackground-image: url(https:\/\/www.st-marien-schoenwald.de\/kigakb_wp\/wp-content\/uploads\/2020\/09\/geometry.png); \n\tbackground-position: top center; \n\tbackground-repeat: repeat; \n\tbackground-attachment: fixed; \n\tbackground-size: auto; \n} \n\n#cmsmasters_row_6a07939cecc931_46006725 .cmsmasters_row_outer_parent { \n\tpadding-top: 10px; \n} \n\n#cmsmasters_row_6a07939cecc931_46006725 .cmsmasters_row_outer_parent { \n\tpadding-bottom: 50px; \n} \n\n \n#cmsmasters_row_6a07939cecfd03_48909969 { \n\tbackground-color:rgba(0,255,238,0.96);\n} \n\n#cmsmasters_row_6a07939cecfd03_48909969 .cmsmasters_row_outer_parent { \n\tpadding-top: 30px; \n} \n\n#cmsmasters_row_6a07939cecfd03_48909969 .cmsmasters_row_outer_parent { \n\tpadding-bottom: 30px; \n} \n\n#cmsmasters_row_6a07939cecfd03_48909969 .cmsmasters_row_overlay { \n\tbackground-color:rgba(0,255,238,0.96);\n} \n\n\r\n\t\t\t#cmsmasters_row_6a07939cecfd03_48909969.cmsmasters_row_top_zigzag:before, \r\n\t\t\t#cmsmasters_row_6a07939cecfd03_48909969.cmsmasters_row_bot_zigzag:after {\r\n\t\t\t\tbackground-image: -webkit-linear-gradient(135deg, rgba(0,255,238,0.96) 25%, transparent 25%), \r\n\t\t\t\t\t\t-webkit-linear-gradient(45deg, rgba(0,255,238,0.96) 25%, transparent 25%);\r\n\t\t\t\tbackground-image: -moz-linear-gradient(135deg, rgba(0,255,238,0.96) 25%, transparent 25%), \r\n\t\t\t\t\t\t-moz-linear-gradient(45deg, rgba(0,255,238,0.96) 25%, transparent 25%);\r\n\t\t\t\tbackground-image: -ms-linear-gradient(135deg, rgba(0,255,238,0.96) 25%, transparent 25%), \r\n\t\t\t\t\t\t-ms-linear-gradient(45deg, rgba(0,255,238,0.96) 25%, transparent 25%);\r\n\t\t\t\tbackground-image: -o-linear-gradient(135deg, rgba(0,255,238,0.96) 25%, transparent 25%), \r\n\t\t\t\t\t\t-o-linear-gradient(45deg, rgba(0,255,238,0.96) 25%, transparent 25%);\r\n\t\t\t\tbackground-image: linear-gradient(315deg, rgba(0,255,238,0.96) 25%, transparent 25%), \r\n\t\t\t\t\t\tlinear-gradient(45deg, rgba(0,255,238,0.96) 25%, transparent 25%);\r\n\t\t\t} \n#cmsmasters_heading_6a07939ced571 { \n\ttext-align:center; \n\tmargin-top:0px; \n\tmargin-bottom:0px; \n} \n\n#cmsmasters_heading_6a07939ced571 .cmsmasters_heading { \n\ttext-align:center; \n} \n\n#cmsmasters_heading_6a07939ced571 .cmsmasters_heading, #cmsmasters_heading_6a07939ced571 .cmsmasters_heading a { \n\tfont-weight:normal; \n\tfont-style:normal; \n} \n\n#cmsmasters_heading_6a07939ced571 .cmsmasters_heading_divider { \n} \n\n \n#cmsmasters_row_6a07939ced6b93_53925548 { \n\tbackground-image: url(https:\/\/www.st-marien-schoenwald.de\/kigakb_wp\/wp-content\/uploads\/2020\/09\/geometry.png); \n\tbackground-position: top center; \n\tbackground-repeat: repeat; \n\tbackground-attachment: fixed; \n\tbackground-size: auto; \n} \n\n#cmsmasters_row_6a07939ced6b93_53925548 .cmsmasters_row_outer_parent { \n\tpadding-top: 10px; \n} \n\n#cmsmasters_row_6a07939ced6b93_53925548 .cmsmasters_row_outer_parent { \n\tpadding-bottom: 50px; \n} \n\n<\/style><div id=\"cmsmasters_row_6a07939ce0d256_96147064\" class=\"cmsmasters_row cmsmasters_color_scheme_default cmsmasters_row_top_default cmsmasters_row_bot_default cmsmasters_row_fullwidth\">\n<div class=\"cmsmasters_row_outer_parent\">\n<div class=\"cmsmasters_row_outer\">\n<div class=\"cmsmasters_row_inner cmsmasters_row_fullwidth cmsmasters_row_no_margin\">\n<div class=\"cmsmasters_row_margin\">\n<div class=\"cmsmasters_column one_first\">\n<div class=\"cmsmasters_slider\">\n<div id=\"rev_slider_4_1_wrapper\" class=\"rev_slider_wrapper fullwidthbanner-container\" data-source=\"gallery\" style=\"margin:0px auto;background:transparent;padding:0px;margin-top:0px;margin-bottom:0px;\">\n<!-- START REVOLUTION SLIDER 5.4.8.3 auto mode -->\n\t<div id=\"rev_slider_4_1\" class=\"rev_slider fullwidthabanner\" style=\"display:none;\" data-version=\"5.4.8.3\">\n<ul>\t<!-- SLIDE  -->\n\t<li data-index=\"rs-10\" data-transition=\"fade\" data-slotamount=\"default\" data-hideafterloop=\"0\" data-hideslideonmobile=\"off\"  data-easein=\"default\" data-easeout=\"default\" data-masterspeed=\"300\"  data-thumb=\"https:\/\/www.st-marien-schoenwald.de\/kigakb_wp\/wp-content\/uploads\/2020\/10\/ameise_paragraph-e1603870474701-100x50.jpg\"  data-rotate=\"0\"  data-saveperformance=\"off\"  data-title=\"Slide\" data-param1=\"\" data-param2=\"\" data-param3=\"\" data-param4=\"\" data-param5=\"\" data-param6=\"\" data-param7=\"\" data-param8=\"\" data-param9=\"\" data-param10=\"\" data-description=\"\">\n\t\t<!-- MAIN IMAGE -->\n\t\t<img src=\"https:\/\/www.st-marien-schoenwald.de\/kigakb_wp\/wp-content\/uploads\/2020\/10\/ameise_paragraph-e1603870474701.jpg\"  alt=\"\" title=\"ameise_paragraph\"  width=\"918\" height=\"815\" data-bgposition=\"center center\" data-bgfit=\"contain\" data-bgrepeat=\"repeat\" class=\"rev-slidebg\" data-no-retina>\n\t\t<!-- LAYERS -->\n\t<\/li>\n<\/ul>\n<script>var htmlDiv = document.getElementById(\"rs-plugin-settings-inline-css\"); var htmlDivCss=\"\";\r\n\t\t\t\t\t\tif(htmlDiv) {\r\n\t\t\t\t\t\t\thtmlDiv.innerHTML = htmlDiv.innerHTML + htmlDivCss;\r\n\t\t\t\t\t\t}else{\r\n\t\t\t\t\t\t\tvar htmlDiv = document.createElement(\"div\");\r\n\t\t\t\t\t\t\thtmlDiv.innerHTML = \"<style>\" + htmlDivCss + \"<\/style>\";\r\n\t\t\t\t\t\t\tdocument.getElementsByTagName(\"head\")[0].appendChild(htmlDiv.childNodes[0]);\r\n\t\t\t\t\t\t}\r\n\t\t\t\t\t<\/script>\n<div class=\"tp-bannertimer tp-bottom\" style=\"visibility: hidden !important;\"><\/div>\t<\/div>\n<script>var htmlDiv = document.getElementById(\"rs-plugin-settings-inline-css\"); var htmlDivCss=\"\";\r\n\t\t\t\tif(htmlDiv) {\r\n\t\t\t\t\thtmlDiv.innerHTML = htmlDiv.innerHTML + htmlDivCss;\r\n\t\t\t\t}else{\r\n\t\t\t\t\tvar htmlDiv = document.createElement(\"div\");\r\n\t\t\t\t\thtmlDiv.innerHTML = \"<style>\" + htmlDivCss + \"<\/style>\";\r\n\t\t\t\t\tdocument.getElementsByTagName(\"head\")[0].appendChild(htmlDiv.childNodes[0]);\r\n\t\t\t\t}\r\n\t\t\t<\/script>\n\t\t<script type=\"text\/javascript\">\r\nif (setREVStartSize!==undefined) setREVStartSize(\r\n\t{c: '#rev_slider_4_1', responsiveLevels: [1240,1240,778,480], gridwidth: [1920,1920,778,480], gridheight: [600,600,960,720], sliderLayout: 'auto'});\r\n\t\t\t\r\nvar revapi4,\r\n\ttpj;\t\r\n(function() {\t\t\t\r\n\tif (!\/loaded|interactive|complete\/.test(document.readyState)) document.addEventListener(\"DOMContentLoaded\",onLoad); else onLoad();\t\r\n\tfunction onLoad() {\t\t\t\t\r\n\t\tif (tpj===undefined) { tpj = jQuery; if(\"off\" == \"on\") tpj.noConflict();}\r\n\tif(tpj(\"#rev_slider_4_1\").revolution == undefined){\n\t\trevslider_showDoubleJqueryError(\"#rev_slider_4_1\");\n\t}else{\n\t\trevapi4 = tpj(\"#rev_slider_4_1\").show().revolution({\n\t\t\tsliderType:\"standard\",\n\t\t\tjsFileLocation:\"\/\/www.st-marien-schoenwald.de\/kigakb_wp\/wp-content\/plugins\/revslider\/public\/assets\/js\/\",\n\t\t\tsliderLayout:\"auto\",\n\t\t\tdottedOverlay:\"none\",\n\t\t\tdelay:9000,\n\t\t\tnavigation: {\n\t\t\t\tkeyboardNavigation:\"off\",\n\t\t\t\tkeyboard_direction: \"horizontal\",\n\t\t\t\tmouseScrollNavigation:\"off\",\n \t\t\t\t\t\t\tmouseScrollReverse:\"default\",\n\t\t\t\tonHoverStop:\"on\",\n\t\t\t\tbullets: {\n\t\t\t\t\tenable:true,\n\t\t\t\t\thide_onmobile:false,\n\t\t\t\t\tstyle:\"hermes\",\n\t\t\t\t\thide_onleave:true,\n\t\t\t\t\thide_delay:200,\n\t\t\t\t\thide_delay_mobile:1200,\n\t\t\t\t\tdirection:\"horizontal\",\n\t\t\t\t\th_align:\"center\",\n\t\t\t\t\tv_align:\"bottom\",\n\t\t\t\t\th_offset:0,\n\t\t\t\t\tv_offset:20,\n\t\t\t\t\tspace:5,\n\t\t\t\t\ttmp:''\n\t\t\t\t}\n\t\t\t},\n\t\t\tresponsiveLevels:[1240,1240,778,480],\n\t\t\tvisibilityLevels:[1240,1240,778,480],\n\t\t\tgridwidth:[1920,1920,778,480],\n\t\t\tgridheight:[600,600,960,720],\n\t\t\tlazyType:\"none\",\n\t\t\tshadow:0,\n\t\t\tspinner:\"spinner0\",\n\t\t\tstopLoop:\"off\",\n\t\t\tstopAfterLoops:-1,\n\t\t\tstopAtSlide:-1,\n\t\t\tshuffle:\"off\",\n\t\t\tautoHeight:\"off\",\n\t\t\tdisableProgressBar:\"on\",\n\t\t\thideThumbsOnMobile:\"off\",\n\t\t\thideSliderAtLimit:0,\n\t\t\thideCaptionAtLimit:0,\n\t\t\thideAllCaptionAtLilmit:0,\n\t\t\tdebugMode:false,\n\t\t\tfallbacks: {\n\t\t\t\tsimplifyAll:\"off\",\n\t\t\t\tnextSlideOnWindowFocus:\"off\",\n\t\t\t\tdisableFocusListener:false,\n\t\t\t}\n\t\t});\n\t}; \/* END OF revapi call *\/\n\t\n }; \/* END OF ON LOAD FUNCTION *\/\r\n}()); \/* END OF WRAPPING FUNCTION *\/\r\n<\/script>\r\n\t\t<script>\r\n\t\t\t\t\tvar htmlDivCss = unescape(\".hermes.tp-bullets%20%7B%0A%7D%0A%0A.hermes%20.tp-bullet%20%7B%0A%20%20%20%20overflow%3Ahidden%3B%0A%20%20%20%20border-radius%3A50%25%3B%0A%20%20%20%20width%3A16px%3B%0A%20%20%20%20height%3A16px%3B%0A%20%20%20%20background-color%3A%20rgba%280%2C%200%2C%200%2C%200%29%3B%0A%20%20%20%20box-shadow%3A%20inset%200%200%200%202px%20rgb%280%2C%200%2C%200%29%3B%0A%20%20%20%20-webkit-transition%3A%20background%200.3s%20ease%3B%0A%20%20%20%20transition%3A%20background%200.3s%20ease%3B%0A%20%20%20%20position%3Aabsolute%3B%0A%7D%0A%0A.hermes%20.tp-bullet%3Ahover%20%7B%0A%09%20%20background-color%3A%20rgba%280%2C0%2C0%2C0.21%29%3B%0A%7D%0A.hermes%20.tp-bullet%3Aafter%20%7B%0A%20%20content%3A%20%27%20%27%3B%0A%20%20position%3A%20absolute%3B%0A%20%20bottom%3A%200%3B%0A%20%20height%3A%200%3B%0A%20%20left%3A%200%3B%0A%20%20width%3A%20100%25%3B%0A%20%20background-color%3A%20rgb%280%2C%200%2C%200%29%3B%0A%20%20box-shadow%3A%200%200%201px%20rgb%280%2C%200%2C%200%29%3B%0A%20%20-webkit-transition%3A%20height%200.3s%20ease%3B%0A%20%20transition%3A%20height%200.3s%20ease%3B%0A%7D%0A.hermes%20.tp-bullet.selected%3Aafter%20%7B%0A%20%20height%3A100%25%3B%0A%7D%0A%0A\");\r\n\t\t\t\t\tvar htmlDiv = document.getElementById('rs-plugin-settings-inline-css');\r\n\t\t\t\t\tif(htmlDiv) {\r\n\t\t\t\t\t\thtmlDiv.innerHTML = htmlDiv.innerHTML + htmlDivCss;\r\n\t\t\t\t\t}\r\n\t\t\t\t\telse{\r\n\t\t\t\t\t\tvar htmlDiv = document.createElement('div');\r\n\t\t\t\t\t\thtmlDiv.innerHTML = '<style>' + htmlDivCss + '<\/style>';\r\n\t\t\t\t\t\tdocument.getElementsByTagName('head')[0].appendChild(htmlDiv.childNodes[0]);\r\n\t\t\t\t\t}\r\n\t\t\t\t  <\/script>\r\n\t\t\t\t<\/div><!-- END REVOLUTION SLIDER --><\/div>\n<\/div>\n<\/div>\n<\/div>\n<\/div>\n<\/div>\n<\/div>\n<div id=\"cmsmasters_row_6a07939cea2a34_82788414\" class=\"cmsmasters_row cmsmasters_color_scheme_default cmsmasters_row_top_zigzag cmsmasters_row_bot_default cmsmasters_row_boxed\">\n<div class=\"cmsmasters_row_outer_parent\">\n<div class=\"cmsmasters_row_overlay\"><\/div>\n<div class=\"cmsmasters_row_outer\">\n<div class=\"cmsmasters_row_inner cmsmasters_row_no_margin\">\n<div class=\"cmsmasters_row_margin\">\n<div class=\"cmsmasters_column one_first\">\n\n<div id=\"cmsmasters_heading_6a07939cea96c\" class=\"cmsmasters_heading_wrap cmsmasters_heading_align_center\">\n\t<h1 class=\"cmsmasters_heading\">Geb\u00fchren<\/h1>\n<\/div>\n<\/div>\n<\/div>\n<\/div>\n<\/div>\n<\/div>\n<\/div>\n<div id=\"cmsmasters_row_6a07939cea9d11_62999179\" class=\"cmsmasters_row cmsmasters_color_scheme_default cmsmasters_row_top_default cmsmasters_row_bot_default cmsmasters_row_boxed\" data-stellar-background-ratio=\"0.5\">\n<div class=\"cmsmasters_row_outer_parent\">\n<div class=\"cmsmasters_row_overlay\"><\/div>\n<div class=\"cmsmasters_row_outer\">\n<div class=\"cmsmasters_row_inner\">\n<div class=\"cmsmasters_row_margin\">\n<div class=\"cmsmasters_column one_first\">\n<div class=\"cmsmasters_wrap_table\"><table class=\"cmsmasters_table\"><caption>Kindergartenbeitrag<\/caption><thead><tr class=\"cmsmasters_table_row_header\"><th class=\"cmsmasters_table_cell_alignleft\">durchschnittliche t\u00e4gliche Nutzungszeit<\/th><th class=\"cmsmasters_table_cell_alignleft\">Kind ab 3 Jahren<\/th><th class=\"cmsmasters_table_cell_alignleft\">Geschwisterkind ab 3 Jahre<\/th><th class=\"cmsmasters_table_cell_alignleft\">Kind unter 3 Jahre<\/th><th class=\"cmsmasters_table_cell_alignleft\">Geschwisterkind unter 3 Jahre<\/th><th class=\"cmsmasters_table_cell_alignleft\">Schulkind<\/th><\/tr><\/thead><tr><td class=\"cmsmasters_table_cell_alignleft\">3-4 Stunden<\/td><td class=\"cmsmasters_table_cell_alignleft\">118 \u20ac<\/td><td class=\"cmsmasters_table_cell_alignleft\">106 \u20ac<\/td><td class=\"cmsmasters_table_cell_alignleft\">150 \u20ac<\/td><td class=\"cmsmasters_table_cell_alignleft\">128 \u20ac<\/td><td class=\"cmsmasters_table_cell_alignleft\">128 \u20ac<\/td><\/tr><tr><td class=\"cmsmasters_table_cell_alignleft\">4-5 Stunden<\/td><td class=\"cmsmasters_table_cell_alignleft\">123 \u20ac<\/td><td class=\"cmsmasters_table_cell_alignleft\">111 \u20ac<\/td><td class=\"cmsmasters_table_cell_alignleft\">155 \u20ac<\/td><td class=\"cmsmasters_table_cell_alignleft\">133 \u20ac<\/td><td class=\"cmsmasters_table_cell_alignleft\">133 \u20ac<\/td><\/tr><tr><td class=\"cmsmasters_table_cell_alignleft\">5-6 Stunden<\/td><td class=\"cmsmasters_table_cell_alignleft\">139 \u20ac<\/td><td class=\"cmsmasters_table_cell_alignleft\">117 \u20ac<\/td><td class=\"cmsmasters_table_cell_alignleft\">161 \u20ac<\/td><td class=\"cmsmasters_table_cell_alignleft\">139 \u20ac<\/td><td class=\"cmsmasters_table_cell_alignleft\">139 \u20ac<\/td><\/tr><tr><td class=\"cmsmasters_table_cell_alignleft\">6-7 Stunden<\/td><td class=\"cmsmasters_table_cell_alignleft\">144 \u20ac<\/td><td class=\"cmsmasters_table_cell_alignleft\">122 \u20ac<\/td><td class=\"cmsmasters_table_cell_alignleft\">167 \u20ac<\/td><td class=\"cmsmasters_table_cell_alignleft\">144 \u20ac<\/td><td class=\"cmsmasters_table_cell_alignleft\">144 \u20ac<\/td><\/tr><tr><td class=\"cmsmasters_table_cell_alignleft\">7-8 Stunden<\/td><td class=\"cmsmasters_table_cell_alignleft\">150 \u20ac<\/td><td class=\"cmsmasters_table_cell_alignleft\">128 \u20ac<\/td><td class=\"cmsmasters_table_cell_alignleft\">172 \u20ac<\/td><td class=\"cmsmasters_table_cell_alignleft\">150 \u20ac<\/td><td class=\"cmsmasters_table_cell_alignleft\">150 \u20ac<\/td><\/tr><tr><td class=\"cmsmasters_table_cell_alignleft\">8-9 Stunden<\/td><td class=\"cmsmasters_table_cell_alignleft\">155 \u20ac<\/td><td class=\"cmsmasters_table_cell_alignleft\">133 \u20ac<\/td><td class=\"cmsmasters_table_cell_alignleft\">177 \u20ac<\/td><td class=\"cmsmasters_table_cell_alignleft\">155 \u20ac<\/td><td class=\"cmsmasters_table_cell_alignleft\">155 \u20ac<\/td><\/tr><tr><td class=\"cmsmasters_table_cell_alignleft\">9-10 Stunden<\/td><td class=\"cmsmasters_table_cell_alignleft\">161 \u20ac<\/td><td class=\"cmsmasters_table_cell_alignleft\">139 \u20ac<\/td><td class=\"cmsmasters_table_cell_alignleft\">183 \u20ac<\/td><td class=\"cmsmasters_table_cell_alignleft\">161 \u20ac<\/td><td class=\"cmsmasters_table_cell_alignleft\">161 \u20ac<\/td><\/tr><\/table><\/div><div class=\"cmsmasters_wrap_table\"><table class=\"cmsmasters_table\"><caption>Dazu kommen folgende Kosten<\/caption><thead><tr class=\"cmsmasters_table_row_header\"><th class=\"cmsmasters_table_cell_alignleft\">Mittagessen<\/th><th class=\"cmsmasters_table_cell_alignleft\">Getr\u00e4nke<\/th><th class=\"cmsmasters_table_cell_alignleft\">Spielgeld<\/th><\/tr><\/thead><tr><td class=\"cmsmasters_table_cell_alignleft\">70 \u20ac<\/td><td class=\"cmsmasters_table_cell_alignleft\">6 \u20ac<\/td><td class=\"cmsmasters_table_cell_alignleft\">5 \u20ac<\/td><\/tr><\/table><\/div>\n\n<div id=\"cmsmasters_divider_6a07939cec8760_02497428\" class=\"cl\"><\/div>\n<div class=\"cmsmasters_text\">\n<h3><strong>Das bayerische Staatsministerium f\u00fcr Arbeit, Familie und Soziales gibt bekannt:<\/strong><\/h3>\n<div>Ab 1. April 2019 sollen Eltern mit einem <strong><u>Beitragszuschuss von 100 Euro pro Monat<\/u><\/strong> und Kind ab dem 3. Lebensjahr finanziell w\u00e4hrend der gesamten Kindergartenzeit entlastet werden.<\/div>\n<\/div>\n<\/div>\n<\/div>\n<\/div>\n<\/div>\n<\/div>\n<\/div>\n<div id=\"cmsmasters_row_6a07939cec94d0_69043406\" class=\"cmsmasters_row cmsmasters_color_scheme_default cmsmasters_row_top_zigzag cmsmasters_row_bot_default cmsmasters_row_boxed\">\n<div class=\"cmsmasters_row_outer_parent\">\n<div class=\"cmsmasters_row_overlay\"><\/div>\n<div class=\"cmsmasters_row_outer\">\n<div class=\"cmsmasters_row_inner cmsmasters_row_no_margin\">\n<div class=\"cmsmasters_row_margin\">\n<div class=\"cmsmasters_column one_first\">\n\n<div id=\"cmsmasters_heading_6a07939cecc42\" class=\"cmsmasters_heading_wrap cmsmasters_heading_align_center\">\n\t<h1 class=\"cmsmasters_heading\">Dokumente<\/h1>\n<\/div>\n<\/div>\n<\/div>\n<\/div>\n<\/div>\n<\/div>\n<\/div>\n<div id=\"cmsmasters_row_6a07939cecc931_46006725\" class=\"cmsmasters_row cmsmasters_color_scheme_default cmsmasters_row_top_default cmsmasters_row_bot_default cmsmasters_row_boxed\" data-stellar-background-ratio=\"0.5\">\n<div class=\"cmsmasters_row_outer_parent\">\n<div class=\"cmsmasters_row_outer\">\n<div class=\"cmsmasters_row_inner\">\n<div class=\"cmsmasters_row_margin\">\n<div class=\"cmsmasters_column one_first\">\n<div class=\"cmsmasters_text\">\n<h2 style=\"text-align: center;\"><a href=\"http:\/\/www.st-marien-schoenwald.de\/kigakb_wp\/wp-content\/uploads\/2020\/10\/anmeldebogenk.FRX_.pdf\">Anmeldebogen<\/a><\/h2>\n<h2 style=\"text-align: center;\"><a href=\"http:\/\/www.st-marien-schoenwald.de\/kigakb_wp\/wp-content\/uploads\/2020\/10\/2019.08.12_Ordnung-der-Kindertageseinrichtung.pdf\">Kindergartenordnung<\/a><\/h2>\n<\/div>\n<\/div>\n<\/div>\n<\/div>\n<\/div>\n<\/div>\n<\/div>\n<div id=\"cmsmasters_row_6a07939cecfd03_48909969\" class=\"cmsmasters_row cmsmasters_color_scheme_default cmsmasters_row_top_zigzag cmsmasters_row_bot_default cmsmasters_row_boxed\">\n<div class=\"cmsmasters_row_outer_parent\">\n<div class=\"cmsmasters_row_overlay\"><\/div>\n<div class=\"cmsmasters_row_outer\">\n<div class=\"cmsmasters_row_inner cmsmasters_row_no_margin\">\n<div class=\"cmsmasters_row_margin\">\n<div class=\"cmsmasters_column one_first\">\n\n<div id=\"cmsmasters_heading_6a07939ced571\" class=\"cmsmasters_heading_wrap cmsmasters_heading_align_center\">\n\t<h1 class=\"cmsmasters_heading\">Wichtige Informationen und Voraussetzungen<\/h1>\n<\/div>\n<\/div>\n<\/div>\n<\/div>\n<\/div>\n<\/div>\n<\/div>\n<div id=\"cmsmasters_row_6a07939ced6b93_53925548\" class=\"cmsmasters_row cmsmasters_color_scheme_default cmsmasters_row_top_default cmsmasters_row_bot_default cmsmasters_row_boxed\" data-stellar-background-ratio=\"0.5\">\n<div class=\"cmsmasters_row_outer_parent\">\n<div class=\"cmsmasters_row_outer\">\n<div class=\"cmsmasters_row_inner\">\n<div class=\"cmsmasters_row_margin\">\n<div class=\"cmsmasters_column one_first\">\n<div class=\"cmsmasters_text\">\n<h2 style=\"text-align: center;\"><strong>Bei der Anmeldung Ihres Kindes m\u00fcssen folgende Bedingungen gegeben sein:<\/strong><\/h2>\n<ul>\n<li><strong><strong><strong><strong>F\u00fcr die Aufnahme Ihres Kindes in unsere Einrichtung ist nach Paragraph <\/strong><\/strong><\/strong><\/strong><strong>20 Absatz 9 des Infektionsschutzgesetzes ein ausreichender Masernschutz erforderlich.<\/strong><\/li>\n<\/ul>\n<ul>\n<li style=\"text-align: left;\"><strong><strong>Der Nachweis \u00fcber 1 Masernimpfung trifft f\u00fcr Kinder im Alter von 13-24 Monaten zu.<\/strong><\/strong><\/li>\n<li style=\"text-align: left;\"><strong><strong>Der Nachweis \u00fcber 2 Masernimpfungen trifft f\u00fcr Kinder ab 24 Monate zu.<\/strong><\/strong><\/li>\n<li style=\"text-align: left;\"><strong><strong>Diese Impfungen sind durch das Impfbuch zu best\u00e4tigen. <\/strong><\/strong><\/li>\n<li style=\"text-align: left;\"><strong><strong>Zul\u00e4ssig ist auch eine \u00e4rztliche Bescheinigung dass eine Immunit\u00e4t gegen Masern besteht.<\/strong><\/strong><\/li>\n<li style=\"text-align: left;\"><strong><strong>Ebenso reicht eine \u00e4rztliche Bescheinigung \u00fcber eine dauerhafte medizinische Kontraindikation, aufgrund derer eine Masernschutzimpfung nicht gegeben werden kann.<\/strong><\/strong><\/li>\n<li style=\"text-align: left;\"><strong><strong>Haben Sie diese Bescheinigung schon an einer anderen \u00f6ffentlichen Institution erbracht, reicht desen Best\u00e4tigung.<\/strong><\/strong><\/li>\n<\/ul>\n<p>&nbsp;<\/p>\n<h2 style=\"text-align: center;\"><strong>Folgende Hinweise sind zu beachten:<\/strong><\/h2>\n<ul>\n<li style=\"text-align: left;\"><strong>Wir empfehlen einen altersgerechten Impfschutz<\/strong><\/li>\n<li style=\"text-align: left;\"><strong>Bei Eltern und Kindern ohne die deutsche Staatsangeh\u00f6rigkeit ist es notwendig, dass diese sich entsprechend Ausweisen k\u00f6nnen und in einer deutschen Gemeinde gemeldet sind<\/strong><\/li>\n<\/ul>\n<p>&nbsp;<\/p>\n<\/div>\n<\/div>\n<\/div>\n<\/div>\n<\/div>\n<\/div>\n<\/div>\n\n","protected":false},"excerpt":{"rendered":"","protected":false},"author":1,"featured_media":0,"parent":0,"menu_order":0,"comment_status":"closed","ping_status":"closed","template":"","meta":[],"_links":{"self":[{"href":"https:\/\/www.st-marien-schoenwald.de\/kigakb_wp\/wp-json\/wp\/v2\/pages\/113"}],"collection":[{"href":"https:\/\/www.st-marien-schoenwald.de\/kigakb_wp\/wp-json\/wp\/v2\/pages"}],"about":[{"href":"https:\/\/www.st-marien-schoenwald.de\/kigakb_wp\/wp-json\/wp\/v2\/types\/page"}],"author":[{"embeddable":true,"href":"https:\/\/www.st-marien-schoenwald.de\/kigakb_wp\/wp-json\/wp\/v2\/users\/1"}],"replies":[{"embeddable":true,"href":"https:\/\/www.st-marien-schoenwald.de\/kigakb_wp\/wp-json\/wp\/v2\/comments?post=113"}],"version-history":[{"count":171,"href":"https:\/\/www.st-marien-schoenwald.de\/kigakb_wp\/wp-json\/wp\/v2\/pages\/113\/revisions"}],"predecessor-version":[{"id":3362,"href":"https:\/\/www.st-marien-schoenwald.de\/kigakb_wp\/wp-json\/wp\/v2\/pages\/113\/revisions\/3362"}],"wp:attachment":[{"href":"https:\/\/www.st-marien-schoenwald.de\/kigakb_wp\/wp-json\/wp\/v2\/media?parent=113"}],"curies":[{"name":"wp","href":"https:\/\/api.w.org\/{rel}","templated":true}]}}