{"id":2713,"date":"2020-10-12T14:01:56","date_gmt":"2020-10-12T12:01:56","guid":{"rendered":"http:\/\/www.st-marien-schoenwald.de\/kigakb_wp\/?page_id=2713"},"modified":"2025-11-06T07:32:02","modified_gmt":"2025-11-06T06:32:02","slug":"impressum","status":"publish","type":"page","link":"https:\/\/www.st-marien-schoenwald.de\/kigakb_wp\/impressum\/","title":{"rendered":"Impressum"},"content":{"rendered":"<style type=\"text\/css\"> \n#cmsmasters_row_69eb70097fffa7_35553412 { \n\tbackground-color:rgba(255,0,0,0.96);\n} \n\n#cmsmasters_row_69eb70097fffa7_35553412 .cmsmasters_row_outer_parent { \n\tpadding-top: 30px; \n} \n\n#cmsmasters_row_69eb70097fffa7_35553412 .cmsmasters_row_outer_parent { \n\tpadding-bottom: 30px; \n} \n\n#cmsmasters_row_69eb70097fffa7_35553412 .cmsmasters_row_overlay { \n\tbackground-color:rgba(255,0,0,0.96);\n} \n\n\r\n\t\t\t#cmsmasters_row_69eb70097fffa7_35553412.cmsmasters_row_top_zigzag:before, \r\n\t\t\t#cmsmasters_row_69eb70097fffa7_35553412.cmsmasters_row_bot_zigzag:after {\r\n\t\t\t\tbackground-image: -webkit-linear-gradient(135deg, rgba(255,0,0,0.96) 25%, transparent 25%), \r\n\t\t\t\t\t\t-webkit-linear-gradient(45deg, rgba(255,0,0,0.96) 25%, transparent 25%);\r\n\t\t\t\tbackground-image: -moz-linear-gradient(135deg, rgba(255,0,0,0.96) 25%, transparent 25%), \r\n\t\t\t\t\t\t-moz-linear-gradient(45deg, rgba(255,0,0,0.96) 25%, transparent 25%);\r\n\t\t\t\tbackground-image: -ms-linear-gradient(135deg, rgba(255,0,0,0.96) 25%, transparent 25%), \r\n\t\t\t\t\t\t-ms-linear-gradient(45deg, rgba(255,0,0,0.96) 25%, transparent 25%);\r\n\t\t\t\tbackground-image: -o-linear-gradient(135deg, rgba(255,0,0,0.96) 25%, transparent 25%), \r\n\t\t\t\t\t\t-o-linear-gradient(45deg, rgba(255,0,0,0.96) 25%, transparent 25%);\r\n\t\t\t\tbackground-image: linear-gradient(315deg, rgba(255,0,0,0.96) 25%, transparent 25%), \r\n\t\t\t\t\t\tlinear-gradient(45deg, rgba(255,0,0,0.96) 25%, transparent 25%);\r\n\t\t\t} \n#cmsmasters_heading_69eb7009807bf { \n\ttext-align:center; \n\tmargin-top:0px; \n\tmargin-bottom:20px; \n} \n\n#cmsmasters_heading_69eb7009807bf .cmsmasters_heading { \n\ttext-align:center; \n} \n\n#cmsmasters_heading_69eb7009807bf .cmsmasters_heading, #cmsmasters_heading_69eb7009807bf .cmsmasters_heading a { \n\tfont-weight:normal; \n\tfont-style:normal; \n} \n\n#cmsmasters_heading_69eb7009807bf .cmsmasters_heading_divider { \n} \n\n \n#cmsmasters_row_69eb700980a3d5_01562609 { \n\tbackground-image: url(https:\/\/www.st-marien-schoenwald.de\/kigakb_wp\/wp-content\/uploads\/2020\/09\/geometry.png); \n\tbackground-position: top center; \n\tbackground-repeat: repeat; \n\tbackground-attachment: fixed; \n\tbackground-size: auto; \n} \n\n#cmsmasters_row_69eb700980a3d5_01562609 .cmsmasters_row_outer_parent { \n\tpadding-top: 10px; \n} \n\n#cmsmasters_row_69eb700980a3d5_01562609 .cmsmasters_row_outer_parent { \n\tpadding-bottom: 0px; \n} \n\n<\/style><div id=\"cmsmasters_row_69eb70097fffa7_35553412\" class=\"cmsmasters_row cmsmasters_color_scheme_default cmsmasters_row_top_zigzag cmsmasters_row_bot_default cmsmasters_row_boxed\">\n<div class=\"cmsmasters_row_outer_parent\">\n<div class=\"cmsmasters_row_overlay\"><\/div>\n<div class=\"cmsmasters_row_outer\">\n<div class=\"cmsmasters_row_inner\">\n<div class=\"cmsmasters_row_margin\">\n<div class=\"cmsmasters_column one_first\">\n\n<div id=\"cmsmasters_heading_69eb7009807bf\" class=\"cmsmasters_heading_wrap cmsmasters_heading_align_center\">\n\t<h1 class=\"cmsmasters_heading\">Impressum<\/h1>\n<\/div>\n<\/div>\n<\/div>\n<\/div>\n<\/div>\n<\/div>\n<\/div>\n<div id=\"cmsmasters_row_69eb700980a3d5_01562609\" class=\"cmsmasters_row cmsmasters_color_scheme_default cmsmasters_row_top_zigzag cmsmasters_row_bot_default cmsmasters_row_boxed\" data-stellar-background-ratio=\"0.5\">\n<div class=\"cmsmasters_row_outer_parent\">\n<div class=\"cmsmasters_row_outer\">\n<div class=\"cmsmasters_row_inner\">\n<div class=\"cmsmasters_row_margin\">\n<div class=\"cmsmasters_column one_first\">\n<div class=\"cmsmasters_text\">\n<p><strong>Katholischer Kindergarten \u201eKunterbunt\u201c<\/strong><\/p>\n<p>&nbsp;<\/p>\n<p>Katholische Kindergarten \u201eKunterbunt\u201c ist eine Einrichtung der Kath. Kirchenstiftung Mari\u00e4 Verk\u00fcndigung, Schulstra\u00dfe 32, 95173 Sch\u00f6nwald, Telefon: +49 9287 5512 Email: <a href=\"mailto:schoenwald@bistum-regensburg.de\">schoenwald@bistum-regensburg.de<\/a> \u00a0Internet: <a href=\"https:\/\/kircheschoenwald.jimdofree.com\">https:\/\/kircheschoenwald.jimdofree.com<\/a><\/p>\n<p>&nbsp;<\/p>\n<p>Die Kath. Kirchenstiftung Mari\u00e4 Verk\u00fcndigung ist eine Stiftung des \u00f6ffentlichen Rechts und wird durch die Kirchenverwaltung und diese wiederum durch den Kirchenverwaltungsvorstand vertreten.<\/p>\n<p>&nbsp;<\/p>\n<p>Kirchenverwaltungsvorstand: Pfarrer Thomas Fischer, Pfarradministrator<\/p>\n<p>&nbsp;<\/p>\n<p>Inhaltlich verantwortlich f\u00fcr den Internetauftritt ist Pfarrer Thomas Fischer, Schulstra\u00dfe 32, 95173 Sch\u00f6nwald<\/p>\n<p>&nbsp;<\/p>\n<p>Zust\u00e4ndige Stiftungsaufsichtsbeh\u00f6rde:<\/p>\n<p>Bisch\u00f6fliche Finanzkammer Regensburg Niederm\u00fcnstergasse 1<\/p>\n<p>93047 Regensburg<\/p>\n<p>Tel.: +49 941 597-1100<\/p>\n<p>Fax: +49 941 597-1102<\/p>\n<p><a href=\"mailto:finanzkammer@bistum-regensburg.de\">Email: finanzkammer@bistum-regensburg.de<\/a><\/p>\n<p>&nbsp;<\/p>\n<p>Kontaktadresse des Katholischen Kindergartens \u201eKunterbunt\u201c<\/p>\n<p>Adolph-Kolping-Stra\u00dfe 4<\/p>\n<p>95173 Sch\u00f6nwald<\/p>\n<p>Telefon: +49 9287 58151<\/p>\n<p>Email: \u00a0schoenwald@kita.bistum-regensburg.de<\/p>\n<p>Internet: <a href=\"http:\/\/www.st-marien-schoenwald.de\/kigakb_wp\">http:\/\/www.st-marien-schoenwald.de\/kigakb_wp<\/a><\/p>\n<p>&nbsp;<\/p>\n<p>Wir sind nicht bereit und nicht verpflichtet, an Streitbeilegungsverfahren vor einer Verbraucherschlichtungsstelle nach dem Verbraucherstreitbeilegungsgesetz teilzunehmen.<\/p>\n<\/div>\n<\/div>\n<\/div>\n<\/div>\n<\/div>\n<\/div>\n<\/div>\n\n","protected":false},"excerpt":{"rendered":"","protected":false},"author":1,"featured_media":0,"parent":0,"menu_order":0,"comment_status":"closed","ping_status":"closed","template":"","meta":[],"_links":{"self":[{"href":"https:\/\/www.st-marien-schoenwald.de\/kigakb_wp\/wp-json\/wp\/v2\/pages\/2713"}],"collection":[{"href":"https:\/\/www.st-marien-schoenwald.de\/kigakb_wp\/wp-json\/wp\/v2\/pages"}],"about":[{"href":"https:\/\/www.st-marien-schoenwald.de\/kigakb_wp\/wp-json\/wp\/v2\/types\/page"}],"author":[{"embeddable":true,"href":"https:\/\/www.st-marien-schoenwald.de\/kigakb_wp\/wp-json\/wp\/v2\/users\/1"}],"replies":[{"embeddable":true,"href":"https:\/\/www.st-marien-schoenwald.de\/kigakb_wp\/wp-json\/wp\/v2\/comments?post=2713"}],"version-history":[{"count":15,"href":"https:\/\/www.st-marien-schoenwald.de\/kigakb_wp\/wp-json\/wp\/v2\/pages\/2713\/revisions"}],"predecessor-version":[{"id":3496,"href":"https:\/\/www.st-marien-schoenwald.de\/kigakb_wp\/wp-json\/wp\/v2\/pages\/2713\/revisions\/3496"}],"wp:attachment":[{"href":"https:\/\/www.st-marien-schoenwald.de\/kigakb_wp\/wp-json\/wp\/v2\/media?parent=2713"}],"curies":[{"name":"wp","href":"https:\/\/api.w.org\/{rel}","templated":true}]}}